{"id":135,"date":"2025-05-21T18:36:33","date_gmt":"2025-05-21T18:36:33","guid":{"rendered":"https:\/\/nosotras.info\/?page_id=135"},"modified":"2026-03-07T10:22:36","modified_gmt":"2026-03-07T10:22:36","slug":"equipo","status":"publish","type":"page","link":"https:\/\/nosotras.info\/equipo\/","title":{"rendered":"Equipo"},"content":{"rendered":"\n<div class=\"wp-block-columns alignwide is-layout-flex wp-container-core-columns-is-layout-28f84493 wp-block-columns-is-layout-flex\">\n<div class=\"wp-block-column is-layout-flow wp-block-column-is-layout-flow\" style=\"flex-basis:42%\">\n<figure class=\"wp-block-image alignright is-resized\"><img loading=\"lazy\" decoding=\"async\" width=\"573\" height=\"573\" src=\"https:\/\/nosotras.info\/wp-content\/uploads\/2025\/05\/Bea.jpeg\" alt=\"\" class=\"wp-image-136\" style=\"width:225px;height:auto\" srcset=\"https:\/\/nosotras.info\/wp-content\/uploads\/2025\/05\/Bea.jpeg 573w, https:\/\/nosotras.info\/wp-content\/uploads\/2025\/05\/Bea-300x300.jpeg 300w, https:\/\/nosotras.info\/wp-content\/uploads\/2025\/05\/Bea-150x150.jpeg 150w\" sizes=\"auto, (max-width: 573px) 100vw, 573px\" \/><\/figure>\n<\/div>\n\n\n\n<div class=\"wp-block-column is-layout-flow wp-block-column-is-layout-flow\" style=\"flex-basis:58%\">\n<h2 class=\"wp-block-heading\">Beatriz Medina<\/h2>\n\n\n\n<p>Consultora en innovaci\u00f3n abierta, facilitadora de equipos y fundadora de EVOCO. Con m\u00e1s de 15 a\u00f1os liderando procesos de transformaci\u00f3n organizacional, Beatriz ha sido directora general en empresas internacionales y promotora del I Foro de Triple Impacto de la Comunidad Valenciana. Experta en liderazgo transformador, coaching de equipos y estrategia de triple impacto. Coordina actualmente la C\u00e1tedra de Econom\u00eda del Bien Com\u00fan en la Universitat de Val\u00e8ncia y es mentora de emprendimientos cooperativos en FEVECTA.<\/p>\n<\/div>\n<\/div>\n\n\n\n<div class=\"wp-block-columns alignwide is-layout-flex wp-container-core-columns-is-layout-28f84493 wp-block-columns-is-layout-flex\">\n<div class=\"wp-block-column is-layout-flow wp-block-column-is-layout-flow\" style=\"flex-basis:58%\">\n<h2 class=\"wp-block-heading\">Ra\u00fal Contreras Comeche<\/h2>\n\n\n\n<p>Economista y referente en emprendimiento social. Fundador de NITT\u00daA y miembro de Ashoka desde 2006, Ra\u00fal ha creado programas formativos de medici\u00f3n de impacto social y ha sido docente en la UNED, UV, UJI y en The Social MBA. Impulsor del Col\u00b7lab (Las Naves) y cofundador de la escuela rural de emprendimiento ERESS, combina pensamiento estrat\u00e9gico, experiencia acad\u00e9mica y pasi\u00f3n por los ecosistemas transformadores.<\/p>\n<\/div>\n\n\n\n<div class=\"wp-block-column is-layout-flow wp-block-column-is-layout-flow\" style=\"flex-basis:42%\">\n<figure class=\"wp-block-image alignleft size-full is-resized\"><img loading=\"lazy\" decoding=\"async\" width=\"350\" height=\"433\" src=\"https:\/\/nosotras.info\/wp-content\/uploads\/2025\/05\/raul.jpg\" alt=\"\" class=\"wp-image-137\" style=\"width:179px;height:auto\" srcset=\"https:\/\/nosotras.info\/wp-content\/uploads\/2025\/05\/raul.jpg 350w, https:\/\/nosotras.info\/wp-content\/uploads\/2025\/05\/raul-242x300.jpg 242w\" sizes=\"auto, (max-width: 350px) 100vw, 350px\" \/><\/figure>\n<\/div>\n<\/div>\n\n\n\n<div class=\"wp-block-columns alignwide is-layout-flex wp-container-core-columns-is-layout-28f84493 wp-block-columns-is-layout-flex\">\n<div class=\"wp-block-column is-layout-flow wp-block-column-is-layout-flow\" style=\"flex-basis:42%\">\n<figure class=\"wp-block-image alignright size-full is-resized\"><img loading=\"lazy\" decoding=\"async\" width=\"960\" height=\"1280\" src=\"https:\/\/nosotras.info\/wp-content\/uploads\/2025\/05\/sinfondo.jpg\" alt=\"\" class=\"wp-image-140\" style=\"width:161px;height:auto\" srcset=\"https:\/\/nosotras.info\/wp-content\/uploads\/2025\/05\/sinfondo.jpg 960w, https:\/\/nosotras.info\/wp-content\/uploads\/2025\/05\/sinfondo-225x300.jpg 225w, https:\/\/nosotras.info\/wp-content\/uploads\/2025\/05\/sinfondo-768x1024.jpg 768w\" sizes=\"auto, (max-width: 960px) 100vw, 960px\" \/><\/figure>\n<\/div>\n\n\n\n<div class=\"wp-block-column is-layout-flow wp-block-column-is-layout-flow\" style=\"flex-basis:58%\">\n<h2 class=\"wp-block-heading\">Julia Pla<\/h2>\n\n\n\n<p>CEO de Cocosint Coop.V. Ha liderado proyectos de inclusi\u00f3n junto a Oxfam Interm\u00f3n, impulsando formaci\u00f3n y empleo inclusivo para mujeres migrantes a trav\u00e9s del textil. Es tambi\u00e9n fundadora de Impact Core, iniciativa que desarrolla soluciones tecnol\u00f3gicas para la trazabilidad y la econom\u00eda circular en la industria textil. Reconocida en m\u00faltiples ocasiones por su trayectoria en emprendimiento e impacto social, destaca en gesti\u00f3n estrat\u00e9gica, sostenibilidad y desarrollo de alianzas para generar impacto social y econ\u00f3mico.<\/p>\n<\/div>\n<\/div>\n\n\n\n<div class=\"wp-block-columns alignwide is-layout-flex wp-container-core-columns-is-layout-28f84493 wp-block-columns-is-layout-flex\">\n<div class=\"wp-block-column is-layout-flow wp-block-column-is-layout-flow\" style=\"flex-basis:58%\">\n<h2 class=\"wp-block-heading\">Noelia Coll Bad\u00ed<\/h2>\n\n\n\n<p>Ingeniera qu\u00edmica, emprendedora en serie y gestora de eventos de innovaci\u00f3n. Cofundadora de Voramar Fanplastic (premiada como Mejor Startup de Aceleraci\u00f3n 2022), organizadora del NASA Space Apps Challenge en Valencia, y Production Manager del Festival Cabanyal \u00cdntim. Ha impulsado proyectos desde la innovaci\u00f3n social y cultural con un enfoque inclusivo y comunitario. Mentora en programas como Up steam de la UPV, Ashoka Change Makers de Ikea y Ruralizable&nbsp;de&nbsp;Redeia.<\/p>\n<\/div>\n\n\n\n<div class=\"wp-block-column is-layout-flow wp-block-column-is-layout-flow\" style=\"flex-basis:42%\">\n<figure class=\"wp-block-image alignleft size-full is-resized\"><img loading=\"lazy\" decoding=\"async\" width=\"406\" height=\"452\" src=\"https:\/\/nosotras.info\/wp-content\/uploads\/2025\/05\/Noelia.jpg\" alt=\"\" class=\"wp-image-139\" style=\"width:179px;height:auto\" srcset=\"https:\/\/nosotras.info\/wp-content\/uploads\/2025\/05\/Noelia.jpg 406w, https:\/\/nosotras.info\/wp-content\/uploads\/2025\/05\/Noelia-269x300.jpg 269w\" sizes=\"auto, (max-width: 406px) 100vw, 406px\" \/><\/figure>\n<\/div>\n<\/div>\n\n\n\n<p><\/p>\n","protected":false},"excerpt":{"rendered":"<p>Beatriz Medina Consultora en innovaci\u00f3n abierta, facilitadora de equipos y fundadora de EVOCO. Con m\u00e1s de 15 a\u00f1os liderando procesos de transformaci\u00f3n organizacional, Beatriz ha sido directora general en empresas internacionales y promotora del I Foro de Triple Impacto de la Comunidad Valenciana. Experta en liderazgo transformador, coaching de equipos y estrategia de triple impacto. [&hellip;]<\/p>\n","protected":false},"author":1,"featured_media":0,"parent":0,"menu_order":0,"comment_status":"closed","ping_status":"closed","template":"","meta":{"footnotes":""},"class_list":["post-135","page","type-page","status-publish","hentry"],"_links":{"self":[{"href":"https:\/\/nosotras.info\/wp-json\/wp\/v2\/pages\/135","targetHints":{"allow":["GET"]}}],"collection":[{"href":"https:\/\/nosotras.info\/wp-json\/wp\/v2\/pages"}],"about":[{"href":"https:\/\/nosotras.info\/wp-json\/wp\/v2\/types\/page"}],"author":[{"embeddable":true,"href":"https:\/\/nosotras.info\/wp-json\/wp\/v2\/users\/1"}],"replies":[{"embeddable":true,"href":"https:\/\/nosotras.info\/wp-json\/wp\/v2\/comments?post=135"}],"version-history":[{"count":5,"href":"https:\/\/nosotras.info\/wp-json\/wp\/v2\/pages\/135\/revisions"}],"predecessor-version":[{"id":222,"href":"https:\/\/nosotras.info\/wp-json\/wp\/v2\/pages\/135\/revisions\/222"}],"wp:attachment":[{"href":"https:\/\/nosotras.info\/wp-json\/wp\/v2\/media?parent=135"}],"curies":[{"name":"wp","href":"https:\/\/api.w.org\/{rel}","templated":true}]}}